{"id":5893,"date":"2020-06-02T12:23:35","date_gmt":"2020-06-02T09:23:35","guid":{"rendered":"https:\/\/artomecinema.com\/purchase-order-terms-and-conditions\/"},"modified":"2020-06-02T12:23:36","modified_gmt":"2020-06-02T09:23:36","slug":"purchase-order-terms-and-conditions","status":"publish","type":"page","link":"https:\/\/artomecinema.com\/en\/purchase-order-terms-and-conditions\/","title":{"rendered":"Purchase Order Terms and Conditions"},"content":{"rendered":"\n<p><\/p>\n\n<p><\/p>\n\n<p><\/p>\n\n<p>Terms and conditions<\/p>\n\n<p>Payment terms<\/p>\n\n<p>E-commerce payments are made through our website in an SSL-secured connection with a payment&#13;\nand credit card, or with the online banking IDs of the most common banks. You can also pay for your&#13;\npurchases in small installments with a flexible and affordable Collector invoice or installment. The&#13;\nmaximum amount to be financed is EUR 5000. Funding is provided by Collector Bank AB.&#13;\nWe accept VISA, MasterCard and American Express credit cards, as well as Visa Electron. With online&#13;\npayment, you can pay from the accounts of Nordea, Osuuspankki, Danske Bank, \u00c5landbanken, S-Bank,&#13;\nAktia, POP Bank, S\u00e4\u00e4st\u00f6pankki and Oma S\u00e4\u00e4st\u00f6pankki. You can also pay with MobilePay.&#13;\n&#13;\n<strong>We reserve the right to reject purchases made with foreign credit cards to prevent abuse.<\/strong>&#13;\n&#13;\nE-commerce price information is constantly monitored. However, we reserve the right to make price&#13;\ncorrections due to technical or human error. Prices are quoted in euros (\u20ac) and include VAT (24%).<\/p>\n\n<p>Age limit<\/p>\n\n<p>Purchasing from our online store requires at least 18 years of age.&#13;\n<\/p>\n\n<p>Delivery terms<\/p>\n\n<p>We use the DB Schenker home delivery service. So we deliver all orders to your door. DB Schenker will&#13;\ncontact the telephone number you have provided and agree on a delivery date and time (weekdays&#13;\nfrom 9 am to 4 pm). You can also pick up your order from the Artome factory store itself (Syrj\u00e4l\u00e4ntie 81,&#13;\n19110 VIERUM\u00c4KI, FINLAND). The factory store will be notified by text message when your order can be&#13;\npicked up.&#13;\n<\/p>\n\n<p>Delivery costs<\/p>\n\n<p>Artome products are delivered to the customer&#8217;s door at an additional price of 70 euros (including VAT&#13;\n24%).&#13;\n<\/p>\n\n<p>Delivery time<\/p>\n\n<p>Products will be delivered within 14 days of ordering. If the product is temporarily out of stock, we will&#13;\nannounce the delivery time in the online store. We will always notify you of the change in delivery time&#13;\nby e-mail. If you do not receive an order confirmation within two hours of purchase, please contact&#13;\ncontact@artome.fi.<\/p>\n\n<p>Warranty<\/p>\n\n<p>All e-commerce products have product liability in accordance with the Finnish Consumer Protection Act.&#13;\nThe product warranty varies between two and five years, depending on the product and the&#13;\nmanufacturer. The warranty covers manufacturing defects. In the case of maintenance, in which there is&#13;\nno manufacturing defect (defect in the use of the product or a defect in the product as a result of&#13;\nincorrect use), the service has the right to charge an inspection fee.&#13;\nMaintenance&#13;\nIn matters related to maintenance, you can contact our customer service directly at contact@artome.fi&#13;\nor our support phone at +358 40 455 4455.&#13;\nReturn policy&#13;\nThe Artome webshop complies with the Finnish Consumer Protection Act, Chapter 6 of the Act on&#13;\nDistance Selling.&#13;\nThe Artome webshop grants a 14-day return policy on all products it sells. As our customer, you have&#13;\nthe right to return the purchase within 14 days of receiving the purchase or picking it up at the factory&#13;\nstore (Syrj\u00e4l\u00e4ntie 81, 19110 VIERUM\u00c4KI, FINLAND). When returning your purchase, be sure to include&#13;\nyour receipt and contact information (name, address, phone number, and email address).&#13;\nThe consumer customer is responsible for keeping the goods he receives substantially unchanged so&#13;\nthat he is entitled to a full refund of the payment he has made in the event of cancellation.&#13;\nThe products must be returned in their original packaging in a new condition.&#13;\nRestrictions on the right of return&#13;\nThe returned product must not have changed significantly. The product will be returned in its entirety&#13;\nand in its original packaging. The product must therefore be in the same condition as the original.&#13;\nReturn shipments can be sent free of charge as a customer return, which is agreed with the customer&#13;\nseparately. Purchases made from the webshop can also be returned free of charge directly to the&#13;\nfactory store (Syrj\u00e4l\u00e4ntie 81, 19110 VIERUM\u00c4KI, FINLAND) without the original packaging. Attach all the&#13;\ndocuments related to the order to the return to speed up the processing of the return. In credit card&#13;\npurchases, the refund amount is returned to the credit card account, in online banking payment to the&#13;\naccount from which the purchase was paid. Delivery fee is non-refundable.&#13;\nCollector invoice\/Installment&#13;\nAn invoice and account credit will give you more time to pay for your ecommerce purchases. Using&#13;\nthem, you can wait for your order to arrive in peace before paying it. You can make a payment either&#13;\nwith a single invoice or, in smaller installments, with an overdraft, allowing you to make the amount that&#13;\nworks best for you each month and spread the payment over a maximum of 36 months.&#13;\nWith the invoice, you always get 45 days interest-free payment period for your e-commerce purchases.&#13;\nThe long payment period allows you time to review your purchase and, if necessary, return it before the&#13;\ninvoice is due. To take advantage of the payment period, you need a positive credit decision, which is&#13;\neasy to apply for at the time of purchase. You can apply for it if you are at least 18 years old and have a&#13;\nFinnish personal identity number and a permanent, official home address in Finland. Your credit&#13;\ninformation is also checked from Bisnode Finland Oy&#8217;s register.&#13;\nThe payment method can be used for purchases up to \u20ac 5,000.&#13;\nOnce you have received a positive credit decision and confirmed the purchase, you will receive an&#13;\ninvoice for your purchase in your email. If you want to pay the invoice in smaller parts and with a&#13;\npayment period that suits you better (1-36 months), you must enter into a credit agreement with&#13;\nCollector Bank for a continuous credit by logging in to My Pages at oma.collector.fi. Upon signing the&#13;\ncredit agreement, you will be granted a credit limit that is available for subsequent purchases in&#13;\naccordance with the credit terms.&#13;\nWhen you have a valid credit agreement, you will only have to pay the minimum amount indicated on&#13;\nthe invoice you received by the due date, but you can also pay a higher amount if you wish. You will&#13;\nthen receive a monthly email invoice until your credit is fully paid. If you wish, you can also reduce your&#13;\ncredit in installments greater than the minimum amount stated on your invoice.&#13;\nCredit costs and credit example: In Artome&#8217;s online store, campaign conditions apply, according to&#13;\nwhich the interest rate on the overdraft is 19.2% expressed as a nominal annual interest rate and the&#13;\nmonthly fee is \u20ac 2.95 per month. If the granted credit limit is \u20ac 1,000 and it has been used in full for&#13;\npurchases made from Artome&#8217;s online store and the credit is repaid within 36 months, the applicable&#13;\npromotional terms are 28.5% annual interest, \u20ac 402 total, \u20ac 1,402 total and 36 installments. Late&#13;\npayments will be subject to statutory reminder fees and collection costs, as well as interest for the&#13;\ndelayed period.&#13;\nCredit terms&#13;\nThe issuer of the invoice and credit is Collector Bank AB, Lilla Bommens Torg 11, Box 11914, SE-404 39.&#13;\nMore information at www.collector.fi&#13;\nYou can get complete terms and information about Collector Invoice and Account Credit from the&#13;\nfollowing links:&#13;\nMore detailed service description: https:\/\/www.collector.fi\/henkil\u00f6oiakkaat\/maksa-laskulla\/&#13;\nGeneral invoice and account credit terms:&#13;\nhttps:\/\/www.collector.se\/upload\/Partners\/Agreements\/SVM\/Credit_terms_All_EN.pdf&#13;\nStandard European Consumer Credit Terms:&#13;\nhttps:\/\/www.collector.se\/upload\/Partners\/Agreements\/SVM\/SECCI_EN.pdf<\/p>\n","protected":false},"excerpt":{"rendered":"<p>Terms and conditions Payment terms E-commerce payments are made through our website in an SSL-secured connection with a payment&#13; and credit card, or with the online banking IDs of the most common banks. You can also pay for your&#13; purchases in small installments with a flexible and affordable Collector invoice or installment. The&#13; maximum amount&hellip;<\/p>\n","protected":false},"author":2,"featured_media":0,"parent":0,"menu_order":0,"comment_status":"closed","ping_status":"closed","template":"","meta":[],"_links":{"self":[{"href":"https:\/\/artomecinema.com\/en\/wp-json\/wp\/v2\/pages\/5893"}],"collection":[{"href":"https:\/\/artomecinema.com\/en\/wp-json\/wp\/v2\/pages"}],"about":[{"href":"https:\/\/artomecinema.com\/en\/wp-json\/wp\/v2\/types\/page"}],"author":[{"embeddable":true,"href":"https:\/\/artomecinema.com\/en\/wp-json\/wp\/v2\/users\/2"}],"replies":[{"embeddable":true,"href":"https:\/\/artomecinema.com\/en\/wp-json\/wp\/v2\/comments?post=5893"}],"version-history":[{"count":1,"href":"https:\/\/artomecinema.com\/en\/wp-json\/wp\/v2\/pages\/5893\/revisions"}],"predecessor-version":[{"id":5894,"href":"https:\/\/artomecinema.com\/en\/wp-json\/wp\/v2\/pages\/5893\/revisions\/5894"}],"wp:attachment":[{"href":"https:\/\/artomecinema.com\/en\/wp-json\/wp\/v2\/media?parent=5893"}],"curies":[{"name":"wp","href":"https:\/\/api.w.org\/{rel}","templated":true}]}}